{"id":9,"date":"2024-03-13T17:34:45","date_gmt":"2024-03-13T16:34:45","guid":{"rendered":"http:\/\/www.toporekconstruction.com\/?page_id=9"},"modified":"2026-02-22T23:50:08","modified_gmt":"2026-02-22T22:50:08","slug":"elementor-9","status":"publish","type":"page","link":"https:\/\/toporekconstruction.com\/","title":{"rendered":"Kontakt"},"content":{"rendered":"\t\t<div data-elementor-type=\"wp-page\" data-elementor-id=\"9\" class=\"elementor elementor-9\">\n\t\t\t\t<div class=\"elementor-element elementor-element-7c62f3a e-grid e-con-boxed elementor-invisible e-con e-parent\" data-id=\"7c62f3a\" data-element_type=\"container\" data-settings=\"{&quot;background_background&quot;:&quot;classic&quot;,&quot;animation&quot;:&quot;fadeIn&quot;}\" data-core-v316-plus=\"true\">\n\t\t\t\t\t<div class=\"e-con-inner\">\n\t\t\t\t<div class=\"elementor-element elementor-element-2b8be69 elementor-widget elementor-widget-heading\" data-id=\"2b8be69\" data-element_type=\"widget\" data-widget_type=\"heading.default\">\n\t\t\t\t<div class=\"elementor-widget-container\">\n\t\t\t<style>\/*! elementor - v3.20.0 - 13-03-2024 *\/\n.elementor-heading-title{padding:0;margin:0;line-height:1}.elementor-widget-heading .elementor-heading-title[class*=elementor-size-]>a{color:inherit;font-size:inherit;line-height:inherit}.elementor-widget-heading .elementor-heading-title.elementor-size-small{font-size:15px}.elementor-widget-heading .elementor-heading-title.elementor-size-medium{font-size:19px}.elementor-widget-heading .elementor-heading-title.elementor-size-large{font-size:29px}.elementor-widget-heading .elementor-heading-title.elementor-size-xl{font-size:39px}.elementor-widget-heading .elementor-heading-title.elementor-size-xxl{font-size:59px}<\/style><h2 class=\"elementor-heading-title elementor-size-default\">Strona w budowie<\/h2>\t\t<\/div>\n\t\t\t\t<\/div>\n\t\t\t\t<div class=\"elementor-element elementor-element-5afd270 elementor-widget elementor-widget-text-editor\" data-id=\"5afd270\" data-element_type=\"widget\" data-widget_type=\"text-editor.default\">\n\t\t\t\t<div class=\"elementor-widget-container\">\n\t\t\t<style>\/*! elementor - v3.20.0 - 13-03-2024 *\/\n.elementor-widget-text-editor.elementor-drop-cap-view-stacked .elementor-drop-cap{background-color:#69727d;color:#fff}.elementor-widget-text-editor.elementor-drop-cap-view-framed .elementor-drop-cap{color:#69727d;border:3px solid;background-color:transparent}.elementor-widget-text-editor:not(.elementor-drop-cap-view-default) .elementor-drop-cap{margin-top:8px}.elementor-widget-text-editor:not(.elementor-drop-cap-view-default) .elementor-drop-cap-letter{width:1em;height:1em}.elementor-widget-text-editor .elementor-drop-cap{float:left;text-align:center;line-height:1;font-size:50px}.elementor-widget-text-editor .elementor-drop-cap-letter{display:inline-block}<\/style>\t\t\t\t<p>Pracujemy nad nasz\u0105 stron\u0105. Dzi\u0119kujemy za cierpliwo\u015b\u0107 i zapraszamy wkr\u00f3tce!<\/p>\t\t\t\t\t\t<\/div>\n\t\t\t\t<\/div>\n\t\t\t\t\t<\/div>\n\t\t\t\t<\/div>\n\t\t<div class=\"elementor-element elementor-element-96840c0 e-grid e-con-boxed elementor-invisible e-con e-parent\" data-id=\"96840c0\" data-element_type=\"container\" data-settings=\"{&quot;background_background&quot;:&quot;classic&quot;,&quot;animation&quot;:&quot;fadeIn&quot;}\" data-core-v316-plus=\"true\">\n\t\t\t\t\t<div class=\"e-con-inner\">\n\t\t\t\t<div class=\"elementor-element elementor-element-b29555e elementor-widget elementor-widget-heading\" data-id=\"b29555e\" data-element_type=\"widget\" data-widget_type=\"heading.default\">\n\t\t\t\t<div class=\"elementor-widget-container\">\n\t\t\t<h2 class=\"elementor-heading-title elementor-size-default\">Under Construction<\/h2>\t\t<\/div>\n\t\t\t\t<\/div>\n\t\t\t\t<div class=\"elementor-element elementor-element-1e23640 elementor-widget elementor-widget-text-editor\" data-id=\"1e23640\" data-element_type=\"widget\" data-widget_type=\"text-editor.default\">\n\t\t\t\t<div class=\"elementor-widget-container\">\n\t\t\t\t\t\t\t<p>We are working on our website. Thank you for your patience and check back soon!<\/p>\t\t\t\t\t\t<\/div>\n\t\t\t\t<\/div>\n\t\t\t\t\t<\/div>\n\t\t\t\t<\/div>\n\t\t<div class=\"elementor-element elementor-element-7065d96 e-flex e-con-boxed e-con e-parent\" data-id=\"7065d96\" data-element_type=\"container\" data-settings=\"{&quot;background_background&quot;:&quot;classic&quot;}\" data-core-v316-plus=\"true\">\n\t\t\t\t\t<div class=\"e-con-inner\">\n\t\t<div class=\"elementor-element elementor-element-1514035 e-con-full e-flex e-con e-child\" data-id=\"1514035\" data-element_type=\"container\">\n\t\t\t\t<div class=\"elementor-element elementor-element-a94bbb6 elementor-invisible elementor-widget elementor-widget-heading\" data-id=\"a94bbb6\" data-element_type=\"widget\" data-settings=\"{&quot;_animation&quot;:&quot;fadeInDown&quot;}\" data-widget_type=\"heading.default\">\n\t\t\t\t<div class=\"elementor-widget-container\">\n\t\t\t<h2 class=\"elementor-heading-title elementor-size-default\">Pawe\u0142 Toporek<\/h2>\t\t<\/div>\n\t\t\t\t<\/div>\n\t\t\t\t<div class=\"elementor-element elementor-element-539390c animated-slow elementor-invisible elementor-widget elementor-widget-heading\" data-id=\"539390c\" data-element_type=\"widget\" data-settings=\"{&quot;_animation&quot;:&quot;fadeIn&quot;}\" data-widget_type=\"heading.default\">\n\t\t\t\t<div class=\"elementor-widget-container\">\n\t\t\t<h2 class=\"elementor-heading-title elementor-size-default\">Prezes<\/h2>\t\t<\/div>\n\t\t\t\t<\/div>\n\t\t\t\t<div class=\"elementor-element elementor-element-fe1d2d8 elementor-invisible elementor-widget elementor-widget-heading\" data-id=\"fe1d2d8\" data-element_type=\"widget\" data-settings=\"{&quot;_animation&quot;:&quot;fadeInDown&quot;}\" data-widget_type=\"heading.default\">\n\t\t\t\t<div class=\"elementor-widget-container\">\n\t\t\t<h2 class=\"elementor-heading-title elementor-size-default\"><a href=\"tel:+48570547397\">+48 570 547 397<\/a><\/h2>\t\t<\/div>\n\t\t\t\t<\/div>\n\t\t\t\t<div class=\"elementor-element elementor-element-e497003 elementor-invisible elementor-widget elementor-widget-heading\" data-id=\"e497003\" data-element_type=\"widget\" data-settings=\"{&quot;_animation&quot;:&quot;fadeInDown&quot;}\" data-widget_type=\"heading.default\">\n\t\t\t\t<div class=\"elementor-widget-container\">\n\t\t\t<h2 class=\"elementor-heading-title elementor-size-default\"><a href=\"mailto:pawel@toporekconstruction.com\">pawel@toporekconstruction.com<\/a><\/h2>\t\t<\/div>\n\t\t\t\t<\/div>\n\t\t\t\t<\/div>\n\t\t<div class=\"elementor-element elementor-element-3962b71 e-con-full e-flex e-con e-child\" data-id=\"3962b71\" data-element_type=\"container\">\n\t\t\t\t<div class=\"elementor-element elementor-element-ac9fcda elementor-view-default elementor-invisible elementor-widget elementor-widget-icon\" data-id=\"ac9fcda\" data-element_type=\"widget\" data-settings=\"{&quot;_animation&quot;:&quot;fadeInRight&quot;,&quot;_animation_delay&quot;:200}\" data-widget_type=\"icon.default\">\n\t\t\t\t<div class=\"elementor-widget-container\">\n\t\t\t\t\t<div class=\"elementor-icon-wrapper\">\n\t\t\t<div class=\"elementor-icon\">\n\t\t\t<svg xmlns=\"http:\/\/www.w3.org\/2000\/svg\" id=\"flag-icons-pl\" viewBox=\"0 0 640 480\"><g fill-rule=\"evenodd\"><path fill=\"#fff\" d=\"M640 480H0V0h640z\"><\/path><path fill=\"#dc143c\" d=\"M640 480H0V240h640z\"><\/path><\/g><\/svg>\t\t\t<\/div>\n\t\t<\/div>\n\t\t\t\t<\/div>\n\t\t\t\t<\/div>\n\t\t\t\t<div class=\"elementor-element elementor-element-babdd72 elementor-view-default elementor-invisible elementor-widget elementor-widget-icon\" data-id=\"babdd72\" data-element_type=\"widget\" data-settings=\"{&quot;_animation&quot;:&quot;fadeInRight&quot;,&quot;_animation_delay&quot;:600}\" data-widget_type=\"icon.default\">\n\t\t\t\t<div class=\"elementor-widget-container\">\n\t\t\t\t\t<div class=\"elementor-icon-wrapper\">\n\t\t\t<div class=\"elementor-icon\">\n\t\t\t<svg xmlns=\"http:\/\/www.w3.org\/2000\/svg\" id=\"flag-icons-gb\" viewBox=\"0 0 640 480\"><path fill=\"#012169\" d=\"M0 0h640v480H0z\"><\/path><path fill=\"#FFF\" d=\"m75 0 244 181L562 0h78v62L400 241l240 178v61h-80L320 301 81 480H0v-60l239-178L0 64V0z\"><\/path><path fill=\"#C8102E\" d=\"m424 281 216 159v40L369 281zm-184 20 6 35L54 480H0zM640 0v3L391 191l2-44L590 0zM0 0l239 176h-60L0 42z\"><\/path><path fill=\"#FFF\" d=\"M241 0v480h160V0zM0 160v160h640V160z\"><\/path><path fill=\"#C8102E\" d=\"M0 193v96h640v-96zM273 0v480h96V0z\"><\/path><\/svg>\t\t\t<\/div>\n\t\t<\/div>\n\t\t\t\t<\/div>\n\t\t\t\t<\/div>\n\t\t\t\t<\/div>\n\t\t<div class=\"elementor-element elementor-element-31666bb e-con-full e-flex e-con e-child\" data-id=\"31666bb\" data-element_type=\"container\">\n\t\t\t\t<div class=\"elementor-element elementor-element-5f0e839 elementor-invisible elementor-widget elementor-widget-heading\" data-id=\"5f0e839\" data-element_type=\"widget\" data-settings=\"{&quot;_animation&quot;:&quot;fadeInDown&quot;}\" data-widget_type=\"heading.default\">\n\t\t\t\t<div class=\"elementor-widget-container\">\n\t\t\t<h2 class=\"elementor-heading-title elementor-size-default\">Kamila Cedro<\/h2>\t\t<\/div>\n\t\t\t\t<\/div>\n\t\t\t\t<div class=\"elementor-element elementor-element-7339983 animated-slow elementor-invisible elementor-widget elementor-widget-heading\" data-id=\"7339983\" data-element_type=\"widget\" data-settings=\"{&quot;_animation&quot;:&quot;fadeIn&quot;}\" data-widget_type=\"heading.default\">\n\t\t\t\t<div class=\"elementor-widget-container\">\n\t\t\t<h2 class=\"elementor-heading-title elementor-size-default\">Biuro<\/h2>\t\t<\/div>\n\t\t\t\t<\/div>\n\t\t\t\t<div class=\"elementor-element elementor-element-5645ad9 elementor-invisible elementor-widget elementor-widget-heading\" data-id=\"5645ad9\" data-element_type=\"widget\" data-settings=\"{&quot;_animation&quot;:&quot;fadeInDown&quot;}\" data-widget_type=\"heading.default\">\n\t\t\t\t<div class=\"elementor-widget-container\">\n\t\t\t<h2 class=\"elementor-heading-title elementor-size-default\"><a href=\"tel:+48795881677\">+ 48 795 881 677<\/a><\/h2>\t\t<\/div>\n\t\t\t\t<\/div>\n\t\t\t\t<div class=\"elementor-element elementor-element-f15c567 elementor-invisible elementor-widget elementor-widget-heading\" data-id=\"f15c567\" data-element_type=\"widget\" data-settings=\"{&quot;_animation&quot;:&quot;fadeInDown&quot;}\" data-widget_type=\"heading.default\">\n\t\t\t\t<div class=\"elementor-widget-container\">\n\t\t\t<h2 class=\"elementor-heading-title elementor-size-default\"><a href=\"mailto:kamila@toporekconstruction.com\">kamila@toporekconstruction.com<\/a><\/h2>\t\t<\/div>\n\t\t\t\t<\/div>\n\t\t\t\t<\/div>\n\t\t<div class=\"elementor-element elementor-element-e00ef5f e-con-full e-flex e-con e-child\" data-id=\"e00ef5f\" data-element_type=\"container\">\n\t\t\t\t<div class=\"elementor-element elementor-element-6c9efe9 elementor-view-default elementor-invisible elementor-widget elementor-widget-icon\" data-id=\"6c9efe9\" data-element_type=\"widget\" data-settings=\"{&quot;_animation&quot;:&quot;fadeInRight&quot;,&quot;_animation_delay&quot;:200}\" data-widget_type=\"icon.default\">\n\t\t\t\t<div class=\"elementor-widget-container\">\n\t\t\t\t\t<div class=\"elementor-icon-wrapper\">\n\t\t\t<div class=\"elementor-icon\">\n\t\t\t<svg xmlns=\"http:\/\/www.w3.org\/2000\/svg\" id=\"flag-icons-pl\" viewBox=\"0 0 640 480\"><g fill-rule=\"evenodd\"><path fill=\"#fff\" d=\"M640 480H0V0h640z\"><\/path><path fill=\"#dc143c\" d=\"M640 480H0V240h640z\"><\/path><\/g><\/svg>\t\t\t<\/div>\n\t\t<\/div>\n\t\t\t\t<\/div>\n\t\t\t\t<\/div>\n\t\t\t\t<div class=\"elementor-element elementor-element-67a583c elementor-view-default elementor-invisible elementor-widget elementor-widget-icon\" data-id=\"67a583c\" data-element_type=\"widget\" data-settings=\"{&quot;_animation&quot;:&quot;fadeInRight&quot;,&quot;_animation_delay&quot;:600}\" data-widget_type=\"icon.default\">\n\t\t\t\t<div class=\"elementor-widget-container\">\n\t\t\t\t\t<div class=\"elementor-icon-wrapper\">\n\t\t\t<div class=\"elementor-icon\">\n\t\t\t<svg xmlns=\"http:\/\/www.w3.org\/2000\/svg\" id=\"flag-icons-gb\" viewBox=\"0 0 640 480\"><path fill=\"#012169\" d=\"M0 0h640v480H0z\"><\/path><path fill=\"#FFF\" d=\"m75 0 244 181L562 0h78v62L400 241l240 178v61h-80L320 301 81 480H0v-60l239-178L0 64V0z\"><\/path><path fill=\"#C8102E\" d=\"m424 281 216 159v40L369 281zm-184 20 6 35L54 480H0zM640 0v3L391 191l2-44L590 0zM0 0l239 176h-60L0 42z\"><\/path><path fill=\"#FFF\" d=\"M241 0v480h160V0zM0 160v160h640V160z\"><\/path><path fill=\"#C8102E\" d=\"M0 193v96h640v-96zM273 0v480h96V0z\"><\/path><\/svg>\t\t\t<\/div>\n\t\t<\/div>\n\t\t\t\t<\/div>\n\t\t\t\t<\/div>\n\t\t\t\t<\/div>\n\t\t\t\t\t<\/div>\n\t\t\t\t<\/div>\n\t\t\t\t<\/div>\n\t\t","protected":false},"excerpt":{"rendered":"<p>Strona w budowie Pracujemy nad nasz\u0105 stron\u0105. Dzi\u0119kujemy za cierpliwo\u015b\u0107 i zapraszamy wkr\u00f3tce! Under Construction We are working on our website. Thank you for your patience and check back soon! Pawe\u0142 Toporek Prezes +48 570 547 397 pawel@toporekconstruction.com Kamila Cedro Biuro + 48 795 881 677 kamila@toporekconstruction.com<\/p>\n","protected":false},"author":1,"featured_media":0,"parent":0,"menu_order":0,"comment_status":"closed","ping_status":"closed","template":"elementor_header_footer","meta":{"footnotes":""},"_links":{"self":[{"href":"https:\/\/toporekconstruction.com\/index.php?rest_route=\/wp\/v2\/pages\/9"}],"collection":[{"href":"https:\/\/toporekconstruction.com\/index.php?rest_route=\/wp\/v2\/pages"}],"about":[{"href":"https:\/\/toporekconstruction.com\/index.php?rest_route=\/wp\/v2\/types\/page"}],"author":[{"embeddable":true,"href":"https:\/\/toporekconstruction.com\/index.php?rest_route=\/wp\/v2\/users\/1"}],"replies":[{"embeddable":true,"href":"https:\/\/toporekconstruction.com\/index.php?rest_route=%2Fwp%2Fv2%2Fcomments&post=9"}],"version-history":[{"count":94,"href":"https:\/\/toporekconstruction.com\/index.php?rest_route=\/wp\/v2\/pages\/9\/revisions"}],"predecessor-version":[{"id":115,"href":"https:\/\/toporekconstruction.com\/index.php?rest_route=\/wp\/v2\/pages\/9\/revisions\/115"}],"wp:attachment":[{"href":"https:\/\/toporekconstruction.com\/index.php?rest_route=%2Fwp%2Fv2%2Fmedia&parent=9"}],"curies":[{"name":"wp","href":"https:\/\/api.w.org\/{rel}","templated":true}]}}